{"id":46,"date":"2022-09-13T17:21:48","date_gmt":"2022-09-13T15:21:48","guid":{"rendered":"http:\/\/ruegen-fischrestaurant-polchow.de\/?page_id=46"},"modified":"2022-09-13T17:21:48","modified_gmt":"2022-09-13T15:21:48","slug":"fischgaststaette-am-jasmunder-bodden","status":"publish","type":"page","link":"https:\/\/ruegen-fischrestaurant-polchow.de\/","title":{"rendered":"Fischgastst\u00e4tte &#8222;Am Jasmunder                         Bodden&#8220;"},"content":{"rendered":"\n<p><strong>Herzlich willkommen auf unserer Internetseite!<\/strong><\/p>\n\n\n\n<p>Wir freuen uns, dass Sie sich etwas Zeit nehmen, um die Fischgastst\u00e4tte &#8222;Am Jasmunder Bodden&#8220; kennenzulernen. Wie der Name schon sagt, liegt unsere Gastst\u00e4tte etwa einen Kilometer vom gro\u00dfem Jasmunder Bodden entfernt, in dem kleinen Dorf Polchow.<\/p>\n\n\n\n<figure class=\"wp-block-image size-large\"><img loading=\"lazy\" decoding=\"async\" width=\"1024\" height=\"706\" src=\"http:\/\/ruegen-fischrestaurant-polchow.de\/wp-content\/uploads\/2022\/09\/gaststaette-1024x706.jpg\" alt=\"Fischgastst\u00e4tte Polchow auf R\u00fcgen\" class=\"wp-image-11\" srcset=\"https:\/\/ruegen-fischrestaurant-polchow.de\/wp-content\/uploads\/2022\/09\/gaststaette-1024x706.jpg 1024w, https:\/\/ruegen-fischrestaurant-polchow.de\/wp-content\/uploads\/2022\/09\/gaststaette-300x207.jpg 300w, https:\/\/ruegen-fischrestaurant-polchow.de\/wp-content\/uploads\/2022\/09\/gaststaette-768x529.jpg 768w, https:\/\/ruegen-fischrestaurant-polchow.de\/wp-content\/uploads\/2022\/09\/gaststaette-1536x1059.jpg 1536w, https:\/\/ruegen-fischrestaurant-polchow.de\/wp-content\/uploads\/2022\/09\/gaststaette.jpg 1667w\" sizes=\"auto, (max-width: 1024px) 100vw, 1024px\" \/><figcaption>Ansicht von S\u00fcd, unsere Fischgastst\u00e4tte<\/figcaption><\/figure>\n\n\n\n<p>Das Dorf erlebte seine gr\u00f6\u00dfte Entwicklung durch den Bau eines kleinen Fischerei- und Umschlaghafens.<\/p>\n\n\n\n<p>Zu dieser Zeit wurde 1911 auch ein <strong>Gast- und Logir-Haus mit Colonialwaren-Handlung<\/strong> errichtet. Dieses ist unsere heutige Gastst\u00e4tte.<\/p>\n\n\n\n<figure class=\"wp-block-image size-full is-resized\"><img loading=\"lazy\" decoding=\"async\" src=\"http:\/\/ruegen-fischrestaurant-polchow.de\/wp-content\/uploads\/2022\/09\/titel2-1.jpg\" alt=\"\" class=\"wp-image-48\" width=\"836\" height=\"564\"\/><\/figure>\n\n\n\n<h3 class=\"wp-block-heading\">In unseren R\u00e4umen bieten wir Ihnen:<\/h3>\n\n\n\n<p>38 Pl\u00e4tze in der Gastst\u00e4tte <br>36 Pl\u00e4tze im Wintergarten <\/p>\n\n\n\n<p>28 Pl\u00e4tze auf der Terrasse <br>24 Pl\u00e4tze im Saal<\/p>\n\n\n\n<p>Fangfrische Fischspezialit\u00e4ten werden&nbsp;auf gut b\u00fcrgerliche Art zubereitet.&nbsp;Beliebt bei unseren G\u00e4sten, ist &nbsp;z. B. die &#8218;Jasmunder Fischplatte&#8216; mit Zander, Aal, Dorsch, Hecht und Flunder sowie knusprigen Bratkartoffeln.<\/p>\n\n\n\n<p>Zum ber\u00fchmten K\u00f6nigsstuhl sind es ca 10 km. Das Kap Arkona befindet sich ca. 25 km von uns entfernt. In Neddesitz (3 km) finden Sie die Jasmund Therme und f\u00fcr Pferdeliebhaber einen Reiterhof. Zum Schlo\u00df Spyker sind es 2 km.<\/p>\n\n\n\n<p>Und nun freut sich unser kleines Familienunternehmen auf Ihren Besuch.<br>Bald auch in unserem neuen Wintergarten.<br><em><strong>Ihre Familie Lemke<\/strong><\/em><\/p>\n","protected":false},"excerpt":{"rendered":"<p>Herzlich willkommen auf unserer Internetseite! Wir freuen uns, dass Sie sich etwas Zeit nehmen, um die Fischgastst\u00e4tte &#8222;Am Jasmunder Bodden&#8220; kennenzulernen. Wie der Name schon<\/p>\n","protected":false},"author":1,"featured_media":0,"parent":0,"menu_order":0,"comment_status":"closed","ping_status":"closed","template":"","meta":{"footnotes":""},"class_list":["post-46","page","type-page","status-publish","hentry"],"_links":{"self":[{"href":"https:\/\/ruegen-fischrestaurant-polchow.de\/index.php?rest_route=\/wp\/v2\/pages\/46","targetHints":{"allow":["GET"]}}],"collection":[{"href":"https:\/\/ruegen-fischrestaurant-polchow.de\/index.php?rest_route=\/wp\/v2\/pages"}],"about":[{"href":"https:\/\/ruegen-fischrestaurant-polchow.de\/index.php?rest_route=\/wp\/v2\/types\/page"}],"author":[{"embeddable":true,"href":"https:\/\/ruegen-fischrestaurant-polchow.de\/index.php?rest_route=\/wp\/v2\/users\/1"}],"replies":[{"embeddable":true,"href":"https:\/\/ruegen-fischrestaurant-polchow.de\/index.php?rest_route=%2Fwp%2Fv2%2Fcomments&post=46"}],"version-history":[{"count":1,"href":"https:\/\/ruegen-fischrestaurant-polchow.de\/index.php?rest_route=\/wp\/v2\/pages\/46\/revisions"}],"predecessor-version":[{"id":49,"href":"https:\/\/ruegen-fischrestaurant-polchow.de\/index.php?rest_route=\/wp\/v2\/pages\/46\/revisions\/49"}],"wp:attachment":[{"href":"https:\/\/ruegen-fischrestaurant-polchow.de\/index.php?rest_route=%2Fwp%2Fv2%2Fmedia&parent=46"}],"curies":[{"name":"wp","href":"https:\/\/api.w.org\/{rel}","templated":true}]}}